{"id":94,"date":"2024-02-29T16:44:02","date_gmt":"2024-02-29T15:44:02","guid":{"rendered":"http:\/\/affagard.com\/wp\/?page_id=94"},"modified":"2024-02-29T16:44:02","modified_gmt":"2024-02-29T15:44:02","slug":"bio","status":"publish","type":"page","link":"https:\/\/affagard.art\/index.php\/bio\/","title":{"rendered":"Bio"},"content":{"rendered":"\n<blockquote class=\"wp-block-quote is-layout-flow wp-block-quote-is-layout-flow\">\n<div class=\"wp-block-columns is-layout-flex wp-container-core-columns-is-layout-9d6595d7 wp-block-columns-is-layout-flex\">\n<div class=\"wp-block-column is-layout-flow wp-block-column-is-layout-flow\" style=\"flex-basis:100%\">\n<p><strong>Nudity is the last weapon we have left when everything has been taken from us<\/strong><br>La nudit\u00e9 est la seule arme qu&rsquo;il nous reste quand tout nous a \u00e9t\u00e9 pris<\/p>\n\n\n\n<p><\/p>\n<\/div>\n<\/div>\n\n\n\n<p class=\"has-text-align-left\"><strong>I paint human figure on a daily basis. My purpose is the human figure as a node between intelligence, emotion and the flesh.<\/strong><br>Je pratique le mod\u00e8le vivant au quotidien. Mon sujet est la figure humaine comme n\u0153ud de l&rsquo;intelligence, de l&rsquo;\u00e9motion et de la chair. <\/p>\n\n\n\n<div class=\"wp-block-group is-content-justification-space-between is-nowrap is-layout-flex wp-container-core-group-is-layout-403be102 wp-block-group-is-layout-flex\">\n<div class=\"wp-block-group is-vertical is-layout-flex wp-container-core-group-is-layout-8cf370e7 wp-block-group-is-layout-flex\">\n<p class=\"has-text-align-left\"><strong>As a professional artist, I paint the Figure to defend my words<\/strong><br>En tant qu&rsquo;artiste, je peins le corps pour d\u00e9fendre mes causes.<\/p>\n<\/div>\n<\/div>\n<\/blockquote>\n\n\n\n<blockquote class=\"wp-block-quote has-text-align-right is-style-plain is-layout-flow wp-block-quote-is-layout-flow\">\n<figure class=\"wp-block-image size-large\"><img loading=\"lazy\" decoding=\"async\" width=\"1024\" height=\"1024\" src=\"https:\/\/affagard.art\/wp-content\/uploads\/2024\/03\/Me-at-work-03.Square-1024x1024.jpg\" alt=\"\" class=\"wp-image-129\" srcset=\"https:\/\/affagard.art\/wp-content\/uploads\/2024\/03\/Me-at-work-03.Square-1024x1024.jpg 1024w, https:\/\/affagard.art\/wp-content\/uploads\/2024\/03\/Me-at-work-03.Square-300x300.jpg 300w, https:\/\/affagard.art\/wp-content\/uploads\/2024\/03\/Me-at-work-03.Square-150x150.jpg 150w, https:\/\/affagard.art\/wp-content\/uploads\/2024\/03\/Me-at-work-03.Square-768x768.jpg 768w, https:\/\/affagard.art\/wp-content\/uploads\/2024\/03\/Me-at-work-03.Square-1536x1536.jpg 1536w, https:\/\/affagard.art\/wp-content\/uploads\/2024\/03\/Me-at-work-03.Square-2048x2048.jpg 2048w\" sizes=\"auto, (max-width: 706px) 89vw, (max-width: 767px) 82vw, 740px\" \/><\/figure>\n<\/blockquote>\n\n\n\n<p>Painter from 1995, I went through the Royal Academy of Art of Liege (Belgium)<\/p>\n\n\n\n<p>I&rsquo;m also an \u00ab\u00a0Arts &amp; M\u00e9tiers\u00a0\u00bb Engineer (Paris), I teached multimedia and computer art at the University Paris VIII, Paris XIII and the academy of art of Chalon sur Sa\u00f4ne (France) for ten years.<\/p>\n\n\n\n<p>Since 2020, I&rsquo;m settled and working as a painter full-time, at home in south Brittany, in France (Quiberon), by the sea. I have mainly exhibited in Paris, but also in NYC and Tokyo, and hope for more.<\/p>\n\n\n\n<p><\/p>\n\n\n\n<p><strong>Exhibitions \/ Expositions<\/strong><\/p>\n\n\n\n<ul class=\"wp-block-list\">\n<li>Maison du Phare &#8211; Quiberon (56, France) &#8211; April\/May 2026<\/li>\n\n\n\n<li>Renc&rsquo;Art &#8211; T\u00e9mentines (France, 49) &#8211; Personal exhibition &#8211; Feb. 2026<\/li>\n\n\n\n<li>Thorign\u00e9-Fouillard (35, France) &#8211; Group exhibition &#8211; Nov.\/Dec. 2025<\/li>\n\n\n\n<li>Poly-Mono-Chromes &#8211; Saint Barth\u00e9l\u00e9my d&rsquo;Anjou (France) &#8211; Personal exhibition &#8211; Oct. 2025<\/li>\n\n\n\n<li>Maison du Phare &#8211; Quiberon (56, France) &#8211; April\/May 2025<\/li>\n\n\n\n<li>Salon du Printemps &#8211; Tr\u00e9laz\u00e9 (49, France) &#8211; April 2025<\/li>\n\n\n\n<li>Ardelay &#8211; Les Herbiers (85, France) &#8211; Salon des Artistes &#8211; Feb.\/March 2025<\/li>\n\n\n\n<li>Salon des Artistes du Val de Marne &#8211; France &#8211; Premier Prix du Jury  &#8211; Sept.\/Oct. 2024<\/li>\n\n\n\n<li>The Muisca Gallery &#8211; Paris (France) &#8211; Personal Exhibition &#8211; August 2024<\/li>\n\n\n\n<li>\u201cR\u00eaves\u201d &#8211; Chapelle Saint Esprit &#8211; Auray, France &#8211; 13 Apr. \/ 5 May 2024<\/li>\n\n\n\n<li>Grande Halle de La Villette \u2013 Paris \u2013 17 \/ 21 Jan. 2024 \u2013 Salon d\u2019Automne<\/li>\n\n\n\n<li>\u201cArt Actuel France-Japon 2023\u201d \u2013 National Art Center \u2013 Tokyo \u2013 10 \/ 20 Aug. 2023<\/li>\n\n\n\n<li>Etienne de Causans Gallery \u2013 Paris \u2013 2021, 2022, 2023<\/li>\n\n\n\n<li>\u201cLa Passerelle\u201d \u2013 Portivy \u2013 Brittany, France \u2013 26 May \/ 25 Jun. 2023<\/li>\n\n\n\n<li>\u201cLa Maison du Phare\u201d \u2013 Port Haliguen \u2013 Quiberon, France \u2013 29 May \/ 11 Jjun. 2023<\/li>\n\n\n\n<li>Villa Schober \u2013 Graz, Austria \u2013 <a href=\"http:\/\/www.sgallery.at\" target=\"_blank\" rel=\"noreferrer noopener\">http:\/\/www.sgallery.at<\/a> \u2013 Exclusive works &#8211; 2022 \/ 2023.<\/li>\n\n\n\n<li>Salon d\u2019automne 2022 \u2013 Paris \u2013 21 \/ 23 oct. 2022<\/li>\n\n\n\n<li>\u201cA New Beginning\u201d \u2013 <a href=\"https:\/\/www.vanderplasgallery.com\/\">Van der Plas <\/a><a href=\"https:\/\/www.vanderplasgallery.com\/\" target=\"_blank\" rel=\"noreferrer noopener\">Gallery<\/a> \u2013 New York \u2013 21 \/ 31 Jan. 2021 ( first exhibition since 1995 )<\/li>\n<\/ul>\n\n\n\n<p><strong>Boutique en ligne<\/strong> : <a href=\"https:\/\/www.saatchiart.com\/affagard\" data-type=\"link\" data-id=\"https:\/\/www.saatchiart.com\/affagard\">Saatchi Art<\/a><\/p>\n\n\n\n<p><strong>Exposition permanente<\/strong> : <a href=\"https:\/\/www.concept-store-gallery.com\/artiste\/affagard\/\" data-type=\"link\" data-id=\"https:\/\/www.concept-store-gallery.com\/artiste\/affagard\/\">Galerie Concept Store<\/a><\/p>\n\n\n\n<p><\/p>\n\n\n\n<p><strong>L&rsquo;\u0153uvre qui parle : <a href=\"https:\/\/www.oeuvrequiparle.com\/AA3578\" data-type=\"link\" data-id=\"https:\/\/www.oeuvrequiparle.com\/AA3578\">Clic<\/a><\/strong> (FR)<\/p>\n\n\n\n<p><\/p>\n\n\n\n<p><strong>Affagard sur Visual Art Explorer : <\/strong><a href=\"https:\/\/www.visual-arts-explorer.com\/fr\/5823\/AFFAGARD_\" data-type=\"link\" data-id=\"https:\/\/www.visual-arts-explorer.com\/fr\/5823\/AFFAGARD_\">FR<\/a> &#8211; <a href=\"https:\/\/www.visual-arts-explorer.com\/us\/5823\/AFFAGARD_\">US<\/a> &#8211; <a href=\"https:\/\/www.visual-arts-explorer.com\/de\/5823\/AFFAGARD_\">DE<\/a><\/p>\n\n\n\n<p><\/p>\n","protected":false},"excerpt":{"rendered":"<p>Painter from 1995, I went through the Royal Academy of Art of Liege (Belgium) I&rsquo;m also an \u00ab\u00a0Arts &amp; M\u00e9tiers\u00a0\u00bb Engineer (Paris), I teached multimedia and computer art at the University Paris VIII, Paris XIII and the academy of art of Chalon sur Sa\u00f4ne (France) for ten years. Since 2020, I&rsquo;m settled and working as &hellip; <\/p>\n<p class=\"link-more\"><a href=\"https:\/\/affagard.art\/index.php\/bio\/\" class=\"more-link\">Continuer la lecture<span class=\"screen-reader-text\"> de &laquo;&nbsp;Bio&nbsp;&raquo;<\/span><\/a><\/p>\n","protected":false},"author":3,"featured_media":0,"parent":0,"menu_order":0,"comment_status":"closed","ping_status":"closed","template":"","meta":{"footnotes":""},"class_list":["post-94","page","type-page","status-publish","hentry"],"_links":{"self":[{"href":"https:\/\/affagard.art\/index.php\/wp-json\/wp\/v2\/pages\/94","targetHints":{"allow":["GET"]}}],"collection":[{"href":"https:\/\/affagard.art\/index.php\/wp-json\/wp\/v2\/pages"}],"about":[{"href":"https:\/\/affagard.art\/index.php\/wp-json\/wp\/v2\/types\/page"}],"author":[{"embeddable":true,"href":"https:\/\/affagard.art\/index.php\/wp-json\/wp\/v2\/users\/3"}],"replies":[{"embeddable":true,"href":"https:\/\/affagard.art\/index.php\/wp-json\/wp\/v2\/comments?post=94"}],"version-history":[{"count":0,"href":"https:\/\/affagard.art\/index.php\/wp-json\/wp\/v2\/pages\/94\/revisions"}],"wp:attachment":[{"href":"https:\/\/affagard.art\/index.php\/wp-json\/wp\/v2\/media?parent=94"}],"curies":[{"name":"wp","href":"https:\/\/api.w.org\/{rel}","templated":true}]}}